{"id":28,"date":"2022-06-17T08:12:12","date_gmt":"2022-06-17T08:12:12","guid":{"rendered":"https:\/\/kgv-rheydt-dohr.de\/?page_id=28"},"modified":"2025-03-14T08:48:49","modified_gmt":"2025-03-14T08:48:49","slug":"datenschutzerklaerung-2","status":"publish","type":"page","link":"https:\/\/kgv-rheydt-dohr.de\/?page_id=28","title":{"rendered":"Datenschutzerkl\u00e4rung"},"content":{"rendered":"\n<p><strong>Datenschutzerkl\u00e4rung<\/strong><\/p>\n\n\n\n<h2 class=\"wp-block-heading has-medium-font-size\"><strong>Einleitung<\/strong><\/h2>\n\n\n\n<p>Mit der folgenden Datenschutzerkl\u00e4rung m\u00f6chten wir Sie dar\u00fcber aufkl\u00e4ren, welche Arten Ihrer personenbezogenen Daten (nachfolgend auch kurz als \u201eDaten\u201c bezeichnet) wir zu welchen Zwecken und in welchem Umfang verarbeiten. Die Datenschutzerkl\u00e4rung gilt f\u00fcr alle von uns durchgef\u00fchrten Verarbeitungen personenbezogener Daten, sowohl im Rahmen der Erbringung unserer Leistungen als auch insbesondere auf unseren Webseiten, in mobilen Applikationen sowie innerhalb externer Onlinepr\u00e4senzen, wie z. B. unserer Social-Media-Profile (nachfolgend zusammenfassend bezeichnet als \u201eOnlineangebot\u201c).<\/p>\n\n\n\n<p>Die verwendeten Begriffe sind nicht geschlechtsspezifisch.<\/p>\n\n\n\n<p><strong>Stand: 14. M\u00e4rz 2025<\/strong><\/p>\n\n\n\n<hr class=\"wp-block-separator has-alpha-channel-opacity\"\/>\n\n\n\n<h2 class=\"wp-block-heading has-medium-font-size\"><strong>Inhalts\u00fcbersicht<\/strong><\/h2>\n\n\n\n<ol start=\"1\" class=\"wp-block-list\">\n<li>Verantwortlicher<\/li>\n\n\n\n<li>Arten der verarbeiteten Daten<\/li>\n\n\n\n<li>Zwecke der Verarbeitung<\/li>\n\n\n\n<li>Rechtsgrundlagen<\/li>\n\n\n\n<li>Sicherheitsma\u00dfnahmen<\/li>\n\n\n\n<li>\u00dcbermittlung von personenbezogenen Daten<\/li>\n\n\n\n<li>Datenverarbeitung in Drittl\u00e4ndern<\/li>\n\n\n\n<li>L\u00f6schung von Daten<\/li>\n\n\n\n<li>Einsatz von Cookies<\/li>\n\n\n\n<li>Wahrnehmung von Aufgaben nach Satzung oder Gesch\u00e4ftsordnung<\/li>\n\n\n\n<li>Bereitstellung des Onlineangebotes und Webhosting<\/li>\n\n\n\n<li>Kontakt- und Anfragenverwaltung<\/li>\n\n\n\n<li>Newsletter und elektronische Benachrichtigungen<\/li>\n\n\n\n<li>Werbliche Kommunikation<\/li>\n\n\n\n<li>Rechte der betroffenen Personen<\/li>\n\n\n\n<li>\u00c4nderung und Aktualisierung der Datenschutzerkl\u00e4rung<\/li>\n\n\n\n<li>Begriffsdefinitionen<\/li>\n<\/ol>\n\n\n\n<hr class=\"wp-block-separator has-alpha-channel-opacity\"\/>\n\n\n\n<h2 class=\"wp-block-heading has-medium-font-size\"><strong>1. Verantwortlicher<\/strong><\/h2>\n\n\n\n<p><strong>Kleing\u00e4rtnerverein Rheydt-Dohr e.V.<\/strong><br>Br\u00fcckenstra\u00dfe 141<br>41238 M\u00f6nchengladbach<br>E-Mail: <a>kontakt@kgv-rheydt-dohr.de<\/a><\/p>\n\n\n\n<hr class=\"wp-block-separator has-alpha-channel-opacity\"\/>\n\n\n\n<h2 class=\"wp-block-heading has-medium-font-size\"><strong>2. Arten der verarbeiteten Daten<\/strong><\/h2>\n\n\n\n<ul class=\"wp-block-list\">\n<li>Bestandsdaten (z. B. Namen, Adressen)<\/li>\n\n\n\n<li>Zahlungsdaten (z. B. Bankverbindungen, Rechnungen)<\/li>\n\n\n\n<li>Kontaktdaten (z. B. E-Mail, Telefonnummern)<\/li>\n\n\n\n<li>Inhaltsdaten (z. B. Eingaben in Onlineformularen)<\/li>\n\n\n\n<li>Vertragsdaten (z. B. Mietverh\u00e4ltnisse, Laufzeiten)<\/li>\n\n\n\n<li>Nutzungsdaten (z. B. besuchte Webseiten, Zugriffszeiten)<\/li>\n\n\n\n<li>Meta-\/Kommunikationsdaten (z. B. IP-Adressen, Browsertyp)<\/li>\n<\/ul>\n\n\n\n<hr class=\"wp-block-separator has-alpha-channel-opacity\"\/>\n\n\n\n<h2 class=\"wp-block-heading has-medium-font-size\"><strong>3. Zwecke der Verarbeitung<\/strong><\/h2>\n\n\n\n<ul class=\"wp-block-list\">\n<li>Erbringung vertraglicher Leistungen und Mitgliederverwaltung<\/li>\n\n\n\n<li>Kontaktanfragen und Kommunikation<\/li>\n\n\n\n<li>Sicherheitsma\u00dfnahmen<\/li>\n\n\n\n<li>Verwaltung und Beantwortung von Anfragen<\/li>\n\n\n\n<li>Bereitstellung des Onlineangebotes und Nutzerfreundlichkeit<\/li>\n\n\n\n<li>Informationstechnische Infrastruktur<\/li>\n<\/ul>\n\n\n\n<hr class=\"wp-block-separator has-alpha-channel-opacity\"\/>\n\n\n\n<h2 class=\"wp-block-heading has-medium-font-size\"><strong>4. Rechtsgrundlagen<\/strong><\/h2>\n\n\n\n<p>Wir verarbeiten personenbezogene Daten auf Basis folgender rechtlicher Grundlagen der DSGVO:<\/p>\n\n\n\n<ul class=\"wp-block-list\">\n<li><strong>Einwilligung (Art. 6 Abs. 1 lit. a DSGVO)<\/strong> \u2013 Wenn Sie uns Ihre Einwilligung zur Verarbeitung Ihrer Daten geben.<\/li>\n\n\n\n<li><strong>Vertragserf\u00fcllung und vorvertragliche Anfragen (Art. 6 Abs. 1 lit. b DSGVO)<\/strong> \u2013 Wenn die Verarbeitung zur Erf\u00fcllung eines Vertrages erforderlich ist.<\/li>\n\n\n\n<li><strong>Rechtliche Verpflichtung (Art. 6 Abs. 1 lit. c DSGVO)<\/strong> \u2013 Wenn wir gesetzlich verpflichtet sind, bestimmte Daten zu verarbeiten.<\/li>\n\n\n\n<li><strong>Berechtigte Interessen (Art. 6 Abs. 1 lit. f DSGVO)<\/strong> \u2013 Wenn wir ein berechtigtes Interesse an der Verarbeitung haben, z. B. zur Gew\u00e4hrleistung der IT-Sicherheit.<\/li>\n<\/ul>\n\n\n\n<hr class=\"wp-block-separator has-alpha-channel-opacity\"\/>\n\n\n\n<h2 class=\"wp-block-heading has-medium-font-size\"><strong>5. Sicherheitsma\u00dfnahmen<\/strong><\/h2>\n\n\n\n<p>Wir treffen geeignete technische und organisatorische Ma\u00dfnahmen, um Ihre Daten vor Verlust, Missbrauch und unbefugtem Zugriff zu sch\u00fctzen. Dazu geh\u00f6ren u. a.:<\/p>\n\n\n\n<ul class=\"wp-block-list\">\n<li>SSL-Verschl\u00fcsselung (https)<\/li>\n\n\n\n<li>Zugangsbeschr\u00e4nkungen<\/li>\n\n\n\n<li>Regelm\u00e4\u00dfige Sicherheits\u00fcberpr\u00fcfungen<\/li>\n<\/ul>\n\n\n\n<hr class=\"wp-block-separator has-alpha-channel-opacity\"\/>\n\n\n\n<h2 class=\"wp-block-heading has-medium-font-size\"><strong>6. \u00dcbermittlung von personenbezogenen Daten<\/strong><\/h2>\n\n\n\n<p>Personenbezogene Daten werden nur an Dritte weitergegeben, wenn:<\/p>\n\n\n\n<ul class=\"wp-block-list\">\n<li>Sie ausdr\u00fccklich eingewilligt haben,<\/li>\n\n\n\n<li>dies zur Vertragserf\u00fcllung erforderlich ist,<\/li>\n\n\n\n<li>eine rechtliche Verpflichtung besteht oder<\/li>\n\n\n\n<li>dies zur Wahrung berechtigter Interessen erforderlich ist.<\/li>\n<\/ul>\n\n\n\n<hr class=\"wp-block-separator has-alpha-channel-opacity\"\/>\n\n\n\n<h2 class=\"wp-block-heading has-medium-font-size\"><strong>7. Datenverarbeitung in Drittl\u00e4ndern<\/strong><\/h2>\n\n\n\n<p>Sollten wir Daten in einem Drittland (au\u00dferhalb der EU\/EWR) verarbeiten, geschieht dies nur unter Einhaltung der gesetzlichen Vorgaben, z. B. durch EU-Standardvertragsklauseln.<\/p>\n\n\n\n<hr class=\"wp-block-separator has-alpha-channel-opacity\"\/>\n\n\n\n<h2 class=\"wp-block-heading has-medium-font-size\"><strong>8. L\u00f6schung von Daten<\/strong><\/h2>\n\n\n\n<p>Wir speichern Ihre Daten nur so lange, wie es f\u00fcr die jeweiligen Zwecke erforderlich ist oder gesetzliche Aufbewahrungspflichten bestehen. Anschlie\u00dfend werden die Daten gel\u00f6scht oder gesperrt.<\/p>\n\n\n\n<hr class=\"wp-block-separator has-alpha-channel-opacity\"\/>\n\n\n\n<h2 class=\"wp-block-heading has-medium-font-size\"><strong>9. Einsatz von Cookies<\/strong><\/h2>\n\n\n\n<p>Unsere Website verwendet Cookies, um die Nutzung zu erleichtern. Sie k\u00f6nnen Cookies \u00fcber Ihre Browsereinstellungen verwalten und widersprechen.<\/p>\n\n\n\n<hr class=\"wp-block-separator has-alpha-channel-opacity\"\/>\n\n\n\n<h2 class=\"wp-block-heading has-medium-font-size\"><strong>10. Wahrnehmung von Aufgaben nach Satzung oder Gesch\u00e4ftsordnung<\/strong><\/h2>\n\n\n\n<p>Wir verarbeiten die Daten unserer Mitglieder zur Erf\u00fcllung unserer satzungsm\u00e4\u00dfigen Aufgaben und f\u00fcr die Verwaltung des Vereins.<\/p>\n\n\n\n<hr class=\"wp-block-separator has-alpha-channel-opacity\"\/>\n\n\n\n<h2 class=\"wp-block-heading has-medium-font-size\"><strong>11. Bereitstellung des Onlineangebotes und Webhosting<\/strong><\/h2>\n\n\n\n<p>Unsere Webseite wird von einem externen Webhosting-Anbieter bereitgestellt. Dabei werden IP-Adressen und Nutzungsdaten erfasst.<\/p>\n\n\n\n<hr class=\"wp-block-separator has-alpha-channel-opacity\"\/>\n\n\n\n<h2 class=\"wp-block-heading has-medium-font-size\"><strong>12. Kontakt- und Anfragenverwaltung<\/strong><\/h2>\n\n\n\n<p>Wenn Sie uns kontaktieren, speichern wir Ihre Angaben zur Bearbeitung der Anfrage.<\/p>\n\n\n\n<hr class=\"wp-block-separator has-alpha-channel-opacity\"\/>\n\n\n\n<h2 class=\"wp-block-heading has-medium-font-size\"><strong>13. Newsletter und elektronische Benachrichtigungen<\/strong><\/h2>\n\n\n\n<p>Falls Sie unseren Newsletter abonnieren, speichern wir Ihre E-Mail-Adresse bis zur Abmeldung.<\/p>\n\n\n\n<hr class=\"wp-block-separator has-alpha-channel-opacity\"\/>\n\n\n\n<h2 class=\"wp-block-heading has-medium-font-size\"><strong>14. Werbliche Kommunikation<\/strong><\/h2>\n\n\n\n<p>Werbema\u00dfnahmen erfolgen nur mit Ihrer vorherigen Einwilligung. Sie k\u00f6nnen dem Erhalt jederzeit widersprechen.<\/p>\n\n\n\n<hr class=\"wp-block-separator has-alpha-channel-opacity\"\/>\n\n\n\n<h2 class=\"wp-block-heading has-medium-font-size\"><strong>15. Rechte der betroffenen Personen<\/strong><\/h2>\n\n\n\n<p>Sie haben folgende Rechte nach der DSGVO:<\/p>\n\n\n\n<ul class=\"wp-block-list\">\n<li><strong>Auskunftsrecht<\/strong> (Art. 15 DSGVO)<\/li>\n\n\n\n<li><strong>Recht auf Berichtigung<\/strong> (Art. 16 DSGVO)<\/li>\n\n\n\n<li><strong>Recht auf L\u00f6schung<\/strong> (Art. 17 DSGVO)<\/li>\n\n\n\n<li><strong>Recht auf Einschr\u00e4nkung der Verarbeitung<\/strong> (Art. 18 DSGVO)<\/li>\n\n\n\n<li><strong>Widerspruchsrecht<\/strong> (Art. 21 DSGVO)<\/li>\n\n\n\n<li><strong>Recht auf Daten\u00fcbertragbarkeit<\/strong> (Art. 20 DSGVO)<\/li>\n<\/ul>\n\n\n\n<p>Wenden Sie sich hierzu an: <a>kontakt@kgv-rheydt-dohr.de<\/a><\/p>\n\n\n\n<hr class=\"wp-block-separator has-alpha-channel-opacity\"\/>\n\n\n\n<h2 class=\"wp-block-heading has-medium-font-size\"><strong>16. \u00c4nderung und Aktualisierung der Datenschutzerkl\u00e4rung<\/strong><\/h2>\n\n\n\n<p>Wir behalten uns vor, diese Datenschutzerkl\u00e4rung zu aktualisieren. Bitte pr\u00fcfen Sie regelm\u00e4\u00dfig unsere Datenschutzhinweise.<\/p>\n\n\n\n<hr class=\"wp-block-separator has-alpha-channel-opacity\"\/>\n\n\n\n<h2 class=\"wp-block-heading has-medium-font-size\"><strong>17. Begriffsdefinitionen<\/strong><\/h2>\n\n\n\n<p>In diesem Abschnitt erhalten Sie eine \u00dcbersicht \u00fcber die in dieser Datenschutzerkl\u00e4rung verwendeten Begrifflichkeiten. Viele der Begriffe sind dem Gesetz entnommen und vor allem im Art. 4 DSGVO definiert. Die gesetzlichen Definitionen sind verbindlich. Die nachfolgenden Erl\u00e4uterungen sollen dagegen vor allem dem Verst\u00e4ndnis dienen. Die Begriffe sind alphabetisch sortiert.<\/p>\n\n\n\n<ul class=\"wp-block-list\">\n<li><strong>Personenbezogene Daten:<\/strong> \u201ePersonenbezogene Daten\u201c sind alle Informationen, die sich auf eine identifizierte oder identifizierbare nat\u00fcrliche Person (im Folgenden \u201ebetroffene Person\u201c) beziehen; als identifizierbar wird eine nat\u00fcrliche Person angesehen, die direkt oder indirekt, insbesondere mittels Zuordnung zu einer Kennung wie einem Namen, zu einer Kennnummer, zu Standortdaten, zu einer Online-Kennung (z. B. Cookie) oder zu einem oder mehreren besonderen Merkmalen identifiziert werden kann, die Ausdruck der physischen, physiologischen, genetischen, psychischen, wirtschaftlichen, kulturellen oder sozialen Identit\u00e4t dieser nat\u00fcrlichen Person sind.<\/li>\n\n\n\n<li><strong>Verantwortlicher:<\/strong> Als \u201eVerantwortlicher\u201c wird die nat\u00fcrliche oder juristische Person, Beh\u00f6rde, Einrichtung oder andere Stelle, die allein oder gemeinsam mit anderen \u00fcber die Zwecke und Mittel der Verarbeitung von personenbezogenen Daten entscheidet, bezeichnet.<\/li>\n\n\n\n<li><strong>Verarbeitung:<\/strong> \u201eVerarbeitung\u201c ist jeder mit oder ohne Hilfe automatisierter Verfahren ausgef\u00fchrte Vorgang oder jede solche Vorgangsreihe im Zusammenhang mit personenbezogenen Daten. Der Begriff reicht weit und umfasst praktisch jeden Umgang mit Daten, sei es das Erheben, das Auswerten, das Speichern, das \u00dcbermitteln oder das L\u00f6schen.<\/li>\n<\/ul>\n\n\n\n<hr class=\"wp-block-separator has-alpha-channel-opacity\"\/>\n\n\n\n<p><strong>Ende der Datenschutzerkl\u00e4rung<\/strong><\/p>\n","protected":false},"excerpt":{"rendered":"<p>Datenschutzerkl\u00e4rung Einleitung Mit der folgenden Datenschutzerkl\u00e4rung m\u00f6chten wir Sie dar\u00fcber aufkl\u00e4ren, welche Arten Ihrer personenbezogenen Daten (nachfolgend auch kurz als \u201eDaten\u201c bezeichnet) wir zu welchen Zwecken und in welchem Umfang verarbeiten. Die Datenschutzerkl\u00e4rung gilt f\u00fcr alle von uns durchgef\u00fchrten Verarbeitungen personenbezogener Daten, sowohl im Rahmen der Erbringung unserer Leistungen als auch insbesondere auf unseren Webseiten, [&hellip;]<\/p>\n","protected":false},"author":1,"featured_media":0,"parent":0,"menu_order":0,"comment_status":"closed","ping_status":"closed","template":"","meta":{"footnotes":""},"class_list":["post-28","page","type-page","status-publish","hentry"],"_links":{"self":[{"href":"https:\/\/kgv-rheydt-dohr.de\/index.php?rest_route=\/wp\/v2\/pages\/28","targetHints":{"allow":["GET"]}}],"collection":[{"href":"https:\/\/kgv-rheydt-dohr.de\/index.php?rest_route=\/wp\/v2\/pages"}],"about":[{"href":"https:\/\/kgv-rheydt-dohr.de\/index.php?rest_route=\/wp\/v2\/types\/page"}],"author":[{"embeddable":true,"href":"https:\/\/kgv-rheydt-dohr.de\/index.php?rest_route=\/wp\/v2\/users\/1"}],"replies":[{"embeddable":true,"href":"https:\/\/kgv-rheydt-dohr.de\/index.php?rest_route=%2Fwp%2Fv2%2Fcomments&post=28"}],"version-history":[{"count":4,"href":"https:\/\/kgv-rheydt-dohr.de\/index.php?rest_route=\/wp\/v2\/pages\/28\/revisions"}],"predecessor-version":[{"id":291,"href":"https:\/\/kgv-rheydt-dohr.de\/index.php?rest_route=\/wp\/v2\/pages\/28\/revisions\/291"}],"wp:attachment":[{"href":"https:\/\/kgv-rheydt-dohr.de\/index.php?rest_route=%2Fwp%2Fv2%2Fmedia&parent=28"}],"curies":[{"name":"wp","href":"https:\/\/api.w.org\/{rel}","templated":true}]}}